{"id":2220,"date":"2018-10-20T14:01:38","date_gmt":"2018-10-20T12:01:38","guid":{"rendered":"https:\/\/fifny.com\/?page_id=2220"},"modified":"2018-10-20T14:01:38","modified_gmt":"2018-10-20T12:01:38","slug":"privacy-policy","status":"publish","type":"page","link":"https:\/\/fifny.com\/en\/privacy-policy","title":{"rendered":"Privacy policy"},"content":{"rendered":"<div class=\"container\">\r\n<div class=\"row\">\r\n<div class=\"col-sm-1\"><\/div>\r\n<div class=\"col-sm-10\">\r\n<h1 class=\"h1 thin\">Polityka prywatno\u015bci i plik\u00f3w cookies<\/h1>\r\nNiniejsza polityka prywatno\u015bci i plik\u00f3w cookies opisuje zasady post\u0119powania z danymi osobowymi oraz wykorzystywania plik\u00f3w cookies i innych technologii w ramach strony internetowej <a href=\"http:\/\/www.best.net.pl\/\">https:\/\/fifny.com<\/a>.\r\n\r\nAdministratorem strony jest<strong> Best.Net Sp. z o.o ,<\/strong> ul. Stobnicka 93, 60-480 Pozna\u0144, NIP: 781-183-80-83, REGON:301127549.\r\n\r\nKontakt z administratorem mo\u017cliwy pod adresem e-mail\u00a0<a class=\"email\" href=\"mailto:hello@fifny.com\">hello@fifny.com<\/a>\r\n<p style=\"text-align: center;\"><strong>\u00a7 1\r\nDefinicje<\/strong><\/p>\r\nNa potrzeby niniejszej polityki prywatno\u015bci, przyjmuje si\u0119 nast\u0119puj\u0105ce definicje:\r\n<ol>\r\n \t<li>Administrator \u2011 Best.Net Sp. z o.o , ul. Stobnicka 93, 60-480 Pozna\u0144, NIP: 781-183-80-83, REGON:301127549,<\/li>\r\n \t<li>Strona \u2011 strona internetowa dost\u0119pna pod adresem <a href=\"https:\/\/cloud.fifny.com.\">https:\/\/fifny.com<\/a>,<\/li>\r\n \t<li>U\u017cytkownik \u2011 ka\u017cdy podmiot, kt\u00f3ry korzysta ze Strony.<\/li>\r\n<\/ol>\r\n<p style=\"text-align: center;\"><strong>\u00a7 2\r\n<\/strong><strong>Dane osobowe<\/strong><\/p>\r\n\r\n<ol>\r\n \t<li>U\u017cytkownik mo\u017ce przekazywa\u0107 swoje dane osobowe Administratorowi za pomoc\u0105 formularzy dost\u0119pnych na Stronie, takich jak formularz zapisu na newsletter i formularz kontaktowy.<\/li>\r\n \t<li>Administratorem danych osobowych U\u017cytkownika jest Administrator.<\/li>\r\n \t<li>Dane przekazane Administratorowi w ramach formularza zapisu na newsletter przetwarzane s\u0105 w celu przesy\u0142ania U\u017cytkownikowi newslettera.<\/li>\r\n \t<li>Dane przekazane Administratorowi w ramach formularza kontaktowego przetwarzane s\u0105 w celu odpowiedzi na zapytanie z\u0142o\u017cone przez U\u017cytkownika, poprzez w\/w formularz kontaktowy.<\/li>\r\n \t<li>Administrator gwarantuje poufno\u015b\u0107 wszelkich przekazanych mu danych osobowych.<\/li>\r\n \t<li>Podanie danych jest zawsze dobrowolne, ale niezb\u0119dne do podj\u0119cia przez U\u017cytkownika akcji, do kt\u00f3rej przeznaczony jest dany formularz.<\/li>\r\n \t<li>Administrator nie udost\u0119pnia przekazanych mu danych jakimkolwiek podmiotom trzecim.<\/li>\r\n \t<li>Dane osobowe s\u0105 gromadzone z nale\u017cyt\u0105 staranno\u015bci\u0105 i odpowiednio chronione przed dost\u0119pem do nich przez osoby do tego nieupowa\u017cnione.<\/li>\r\n \t<li>U\u017cytkownikowi przys\u0142uguj\u0105 nast\u0119puj\u0105ce uprawnienia:\r\n<ul>\r\n \t<li>prawo do \u017c\u0105dania dost\u0119pu do swoich danych, ich sprostowania, usuni\u0119cia lub ograniczenia przetwarzania,<\/li>\r\n \t<li>prawo do wniesienia sprzeciwu wobec przetwarzania,<\/li>\r\n \t<li>prawo do przenoszenia danych,<\/li>\r\n \t<li>prawo do cofni\u0119cia zgody na przetwarzanie danych osobowych w okre\u015blonym celu, je\u017celi U\u017cytkownik uprzednio tak\u0105 zgod\u0119 wyrazi\u0142,<\/li>\r\n \t<li>prawo do wniesienia skargi do organu nadzorczego w zwi\u0105zku z przetwarzaniem danych osobowych przez Administratora<\/li>\r\n<\/ul>\r\n<\/li>\r\n<\/ol>\r\n<ol start=\"10\">\r\n \t<li>Administrator informuje niniejszym U\u017cytkownika, \u017ce dane osobowe przekazywane mu w ramach formularza zapisu na newsletter, przekazywane s\u0105 do Stan\u00f3w Zjednoczonych poprzez zapisanie ich w bazie zlokalizowanej na serwerze znajduj\u0105cym si\u0119 w Stanach Zjednoczonych. Wynika to z faktu, \u017ce Administrator korzysta z systemu mailingowego MailChimp, kt\u00f3rego dostawc\u0105 jest podmiot ameryka\u0144ski. Podmiot ten gwarantuje poufno\u015b\u0107 danych zapisywanych w jego bazach.<\/li>\r\n \t<li>Administrator informuje niniejszym U\u017cytkownika, \u017ce powierza przetwarzanie danych osobowych nast\u0119puj\u0105cym podmiotom:<\/li>\r\n<\/ol>\r\n<ul>\r\n \t<li style=\"list-style-type: none;\">\r\n<ul>\r\n \t<li>NETMIX Artur Kaszuba, H. Cegielskiego 13\/10, 62-020 Swarzedz, NIP:6721835583\u2011 w celu przechowywania danych osobowych na serwerze,<\/li>\r\n \t<li>Rocket Science Group \/\/ 675 Ponce de Leon Ave NE, Suite 5000, Atlanta, GA 30308 \u2011 w celu korzystania z systemu mailingowego MailChimp, s\u0142u\u017c\u0105cego do przesy\u0142ania newslettera.<\/li>\r\n<\/ul>\r\n<\/li>\r\n<\/ul>\r\n<p style=\"text-align: center;\"><strong>\u00a7 3\r\nPliki cookies<\/strong><\/p>\r\n\r\n<ol>\r\n \t<li>Administrator wykorzystuje pliki cookies (ciasteczka), czyli niewielkie informacje tekstowe, przechowywane na urz\u0105dzeniu ko\u0144cowym U\u017cytkownika (np. komputerze, tablecie, smartfonie). Cookies mog\u0105 by\u0107 odczytywane przez system teleinformatyczny Administratora.<\/li>\r\n \t<li>Administrator przechowuje pliki cookies na urz\u0105dzeniu ko\u0144cowym U\u017cytkownika, a nast\u0119pnie uzyskuje dost\u0119p do informacji w nich zawartych w celach statystycznych, w celach marketingowych (remarketing) oraz w celu zapewnienia prawid\u0142owego dzia\u0142ania Strony.<\/li>\r\n \t<li>Administrator informuje niniejszym U\u017cytkownika, \u017ce istnieje mo\u017cliwo\u015b\u0107 takiej konfiguracji przegl\u0105darki internetowej, kt\u00f3ra uniemo\u017cliwia przechowywanie plik\u00f3w cookies na urz\u0105dzeniu ko\u0144cowym U\u017cytkownika. W takiej sytuacji, korzystanie ze Strony przez U\u017cytkownika mo\u017ce by\u0107 utrudnione.<\/li>\r\n \t<li>Administrator wskazuje niniejszym, \u017ce pliki cookies mog\u0105 by\u0107 przez U\u017cytkownika usuni\u0119te po ich zapisaniu przez Administratora, poprzez odpowiednie funkcje przegl\u0105darki internetowej, programy s\u0142u\u017c\u0105ce w tym celu lub skorzystanie z odpowiednich narz\u0119dzi dost\u0119pnych w ramach systemu operacyjnego, z kt\u00f3rego korzysta U\u017cytkownik.<\/li>\r\n<\/ol>\r\n<p style=\"text-align: center;\"><strong>\u00a7 4\r\nInne technologie<\/strong><\/p>\r\nAdministrator informuje niniejszym U\u017cytkownika, \u017ce stosuje nast\u0119puj\u0105ce technologie \u015bledz\u0105ce dzia\u0142ania podejmowane przez U\u017cytkownika w ramach Strony:\r\n<ul>\r\n \t<li>kod \u015bledzenia Google Analitycs \u2011 w celu analizy statystyk Strony.<\/li>\r\n<\/ul>\r\n<p style=\"text-align: center;\"><strong>\u00a7 5\r\n<\/strong><strong>Logi serwera<\/strong><\/p>\r\n\r\n<ol>\r\n \t<li>Korzystanie ze Strony wi\u0105\u017ce si\u0119 z przesy\u0142aniem zapyta\u0144 do serwera, na kt\u00f3rym przechowywana jest Strona.<\/li>\r\n \t<li>Ka\u017cde zapytanie skierowane do serwera zapisywane jest w logach serwera. Logi obejmuj\u0105 m.in. adres IP U\u017cytkownika, dat\u0119 i czas serwera, informacje o przegl\u0105darce internetowej i systemie operacyjnym, z jakiego korzysta U\u017cytkownik.<\/li>\r\n \t<li>Logi zapisywane i przechowywane s\u0105 na serwerze.<\/li>\r\n \t<li>Dane zapisane w logach serwera nie s\u0105 kojarzone z konkretnymi osobami korzystaj\u0105cymi ze Strony i nie s\u0105 wykorzystywane przez Administratora w celu identyfikacji U\u017cytkownika.<\/li>\r\n \t<li>Logi serwera stanowi\u0105 wy\u0142\u0105cznie materia\u0142 pomocniczy s\u0142u\u017c\u0105cy do administrowania Stron\u0105, a ich zawarto\u015b\u0107 nie jest ujawniana nikomu poza osobami upowa\u017cnionymi do administrowania serwerem.<\/li>\r\n<\/ol>\r\n<\/div>\r\n<div class=\"col-sm-1\"><\/div>\r\n<\/div>\r\n<\/div>\r\n&nbsp;","protected":false},"excerpt":{"rendered":"<p>Polityka prywatno\u015bci i plik\u00f3w cookies Niniejsza polityka prywatno\u015bci i plik\u00f3w cookies opisuje zasady post\u0119powania z danymi osobowymi oraz wykorzystywania plik\u00f3w cookies i innych technologii w ramach strony internetowej https:\/\/fifny.com. Administratorem strony jest Best.Net Sp. z o.o , ul. Stobnicka 93, 60-480 Pozna\u0144, NIP: 781-183-80-83, REGON:301127549. Kontakt z administratorem mo\u017cliwy pod adresem e-mail\u00a0hello@fifny.com \u00a7 1 Definicje [&hellip;]<\/p>\n","protected":false},"author":1,"featured_media":0,"parent":0,"menu_order":0,"comment_status":"closed","ping_status":"closed","template":"","meta":[],"acf":[],"_links":{"self":[{"href":"https:\/\/fifny.com\/en\/wp-json\/wp\/v2\/pages\/2220"}],"collection":[{"href":"https:\/\/fifny.com\/en\/wp-json\/wp\/v2\/pages"}],"about":[{"href":"https:\/\/fifny.com\/en\/wp-json\/wp\/v2\/types\/page"}],"author":[{"embeddable":true,"href":"https:\/\/fifny.com\/en\/wp-json\/wp\/v2\/users\/1"}],"replies":[{"embeddable":true,"href":"https:\/\/fifny.com\/en\/wp-json\/wp\/v2\/comments?post=2220"}],"version-history":[{"count":0,"href":"https:\/\/fifny.com\/en\/wp-json\/wp\/v2\/pages\/2220\/revisions"}],"wp:attachment":[{"href":"https:\/\/fifny.com\/en\/wp-json\/wp\/v2\/media?parent=2220"}],"curies":[{"name":"wp","href":"https:\/\/api.w.org\/{rel}","templated":true}]}}