{"id":2545,"date":"2019-06-03T21:52:14","date_gmt":"2019-06-03T19:52:14","guid":{"rendered":"https:\/\/fifny.com\/?page_id=2545"},"modified":"2019-06-19T12:41:37","modified_gmt":"2019-06-19T10:41:37","slug":"brand-presentation","status":"publish","type":"page","link":"https:\/\/fifny.com\/en\/brand-presentation","title":{"rendered":"Brand presentation"},"content":{"rendered":"\n<div class=\"container text-center\">\n    <h2 class=\"thin h3 fifny gdlr-core-js\" data-gdlr-animation-duration=\"600ms\" data-gdlr-animation-offset=\"0.8\" data-gdlr-animation=\"fadeInUp\">Fifny are configurators in the cloud &#8211; check how to use them!<\/h2>\n    <div class=\"row\">\n        <div class=\"col-sm-2\"><\/div>\n        <div class=\"col-sm-8 gdlr-core-js\" data-gdlr-animation-duration=\"600ms\" data-gdlr-animation-offset=\"0.8\" data-gdlr-animation=\"fadeInUp\">\n            <p class=\"thin\">Our configurators are innovative, intuitive and extremely effective.<\/p>\n<p class=\"thin\">\nThey make personalization available to everyone. They enable customizing the features of the ordered product to individual needs by selecting individual parameters such as: shape, color, size and many others.<\/p>\n            <h3 class=\"h4 thin fifny mt-5\">What makes us diffrent?<\/h3>\n        <\/div>\n        <div class=\"col-sm-10 offset-sm-1\">\n            <div class=\"gdlr-core-pbf-wrapper\" data-skin=\"Grey Blog\">\n                <div class=\"gdlr-core-pbf-wrapper-content gdlr-core-js \" data-gdlr-animation=\"fadeIn\" data-gdlr-animation-duration=\"600ms\" data-gdlr-animation-offset=\"0.8\">\n                    <div class=\"gdlr-core-pbf-wrapper-container clearfix gdlr-core-container\">\n                        <div class=\"gdlr-core-pbf-column gdlr-core-column-30 gdlr-core-column-first\">\n                            <div class=\"gdlr-core-pbf-column-content-margin gdlr-core-js \" style=\"padding: 0px 30px 5px 0px;\">\n                                <div class=\"gdlr-core-pbf-column-content clearfix gdlr-core-js \" data-gdlr-animation=\"fadeInDown\" data-gdlr-animation-duration=\"600ms\" data-gdlr-animation-offset=\"0.8\">\n                                    <div class=\"gdlr-core-pbf-element\">\n                                        <div class=\"gdlr-core-column-service-item gdlr-core-item-pdb  gdlr-core-left-align gdlr-core-column-service-icon-left gdlr-core-no-caption gdlr-core-item-pdlr\">\n                                            <div class=\"gdlr-core-column-service-media gdlr-core-media-icon \" style=\"margin-top: 5px;margin-right: 35px;\"><i class=\"icon_cloud_alt\" style=\"font-size: 36px ;line-height: 36px ;width: 36px ;color: #3490ce ;\"><\/i><\/div>\n                                            <div class=\"gdlr-core-column-service-content-wrapper\">\n                                                <div class=\"gdlr-core-column-service-title-wrap\">\n                                                    <h3 style=\"font-size: 20px ;\">READY CONFIGURATORS<\/h3>\n                                                <\/div>\n                                            <\/div>\n                                        <\/div>\n                                    <\/div>\n                                <\/div>\n                            <\/div>\n                        <\/div>\n                        <div class=\"gdlr-core-pbf-column gdlr-core-column-30\">\n                            <div class=\"gdlr-core-pbf-column-content-margin gdlr-core-js \" style=\"padding: 0px 30px 5px 0px;\">\n                                <div class=\"gdlr-core-pbf-column-content clearfix gdlr-core-js \" data-gdlr-animation=\"fadeInDown\" data-gdlr-animation-duration=\"600ms\" data-gdlr-animation-offset=\"0.8\">\n                                    <div class=\"gdlr-core-pbf-element\">\n                                        <div class=\"gdlr-core-column-service-item gdlr-core-item-pdb  gdlr-core-left-align gdlr-core-column-service-icon-left gdlr-core-no-caption gdlr-core-item-pdlr\">\n                                            <div class=\"gdlr-core-column-service-media gdlr-core-media-icon \" style=\"margin-top: 5px;margin-right: 35px;\"><i class=\"icon_images\" style=\"font-size: 36px ;line-height: 36px ;width: 36px ;color: #3490ce ;\"><\/i><\/div>\n                                            <div class=\"gdlr-core-column-service-content-wrapper\">\n                                                <div class=\"gdlr-core-column-service-title-wrap\">\n                                                    <h3 style=\"font-size: 20px ;\">PICTURES LIBRARIES<\/h3>\n                                                <\/div>\n                                            <\/div>\n                                        <\/div>\n                                    <\/div>\n                                <\/div>\n                            <\/div>\n                        <\/div>\n                        <div class=\"gdlr-core-pbf-column gdlr-core-column-30 gdlr-core-column-first\">\n                            <div class=\"gdlr-core-pbf-column-content-margin gdlr-core-js \" style=\"padding: 0px 30px 5px 0px;\">\n                                <div class=\"gdlr-core-pbf-column-content clearfix gdlr-core-js \" data-gdlr-animation=\"fadeInDown\" data-gdlr-animation-duration=\"600ms\" data-gdlr-animation-offset=\"0.8\">\n                                    <div class=\"gdlr-core-pbf-element\">\n                                        <div class=\"gdlr-core-column-service-item gdlr-core-item-pdb  gdlr-core-left-align gdlr-core-column-service-icon-left gdlr-core-no-caption gdlr-core-item-pdlr\">\n                                            <div class=\"gdlr-core-column-service-media gdlr-core-media-icon \" style=\"margin-top: 5px;margin-right: 35px;\"><i class=\"icon_check\" style=\"font-size: 36px ;line-height: 36px ;width: 36px ;color: #3490ce ;\"><\/i><\/div>\n                                            <div class=\"gdlr-core-column-service-content-wrapper\">\n                                                <div class=\"gdlr-core-column-service-title-wrap\">\n                                                    <h3 style=\"font-size: 20px ;\">OPERIOD TEST FOR 1 PLN<\/h3>\n                                                <\/div>\n                                            <\/div>\n                                        <\/div>\n                                    <\/div>\n                                <\/div>\n                            <\/div>\n                        <\/div>\n                        <div class=\"gdlr-core-pbf-column gdlr-core-column-30\">\n                            <div class=\"gdlr-core-pbf-column-content-margin gdlr-core-js \" style=\"padding: 0px 30px 5px 0px;\">\n                                <div class=\"gdlr-core-pbf-column-content clearfix gdlr-core-js \" data-gdlr-animation=\"fadeInDown\" data-gdlr-animation-duration=\"600ms\" data-gdlr-animation-offset=\"0.8\">\n                                    <div class=\"gdlr-core-pbf-element\">\n                                        <div class=\"gdlr-core-column-service-item gdlr-core-item-pdb  gdlr-core-left-align gdlr-core-column-service-icon-left gdlr-core-no-caption gdlr-core-item-pdlr\">\n                                            <div class=\"gdlr-core-column-service-media gdlr-core-media-icon \" style=\"margin-top: 5px;margin-right: 35px;\"><i class=\"fa fa-photo\" style=\"font-size: 36px ;line-height: 36px ;width: 36px ;color: #3490ce ;\"><\/i><\/div>\n                                            <div class=\"gdlr-core-column-service-content-wrapper\">\n                                                <div class=\"gdlr-core-column-service-title-wrap\">\n                                                    <h3 style=\"font-size: 20px ;\">UPLOAD OWN PHOTOS<\/h3>\n                                                <\/div>\n                                            <\/div>\n                                        <\/div>\n                                    <\/div>\n                                <\/div>\n                            <\/div>\n                        <\/div>\n                        <div class=\"gdlr-core-pbf-column gdlr-core-column-30 gdlr-core-column-first\">\n                            <div class=\"gdlr-core-pbf-column-content-margin gdlr-core-js \" style=\"padding: 0px 30px 0px 0px;\">\n                                <div class=\"gdlr-core-pbf-column-content clearfix gdlr-core-js \" data-gdlr-animation=\"fadeInDown\" data-gdlr-animation-duration=\"600ms\" data-gdlr-animation-offset=\"0.8\">\n                                    <div class=\"gdlr-core-pbf-element\">\n                                        <div class=\"gdlr-core-column-service-item gdlr-core-item-pdb  gdlr-core-left-align gdlr-core-column-service-icon-left gdlr-core-no-caption gdlr-core-item-pdlr\">\n                                            <div class=\"gdlr-core-column-service-media gdlr-core-media-icon \" style=\"margin-top: 5px;margin-right: 35px;\"><i class=\"icon_pencil-edit\" style=\"font-size: 36px ;line-height: 36px ;width: 36px ;color: #3490ce ;\"><\/i><\/div>\n                                            <div class=\"gdlr-core-column-service-content-wrapper\">\n                                                <div class=\"gdlr-core-column-service-title-wrap\">\n                                                    <h3 style=\"font-size: 20px ;\">INDIVIDUAL TEMPLATES<\/h3>\n                                                <\/div>\n                                            <\/div>\n                                        <\/div>\n                                    <\/div>\n                                <\/div>\n                            <\/div>\n                        <\/div>\n                        <div class=\"gdlr-core-pbf-column gdlr-core-column-30\">\n                            <div class=\"gdlr-core-pbf-column-content-margin gdlr-core-js \" style=\"padding: 0px 30px 0px 0px;\">\n                                <div class=\"gdlr-core-pbf-column-content clearfix gdlr-core-js \" data-gdlr-animation=\"fadeInDown\" data-gdlr-animation-duration=\"600ms\" data-gdlr-animation-offset=\"0.8\">\n                                    <div class=\"gdlr-core-pbf-element\">\n                                        <div class=\"gdlr-core-column-service-item gdlr-core-item-pdb  gdlr-core-left-align gdlr-core-column-service-icon-left gdlr-core-no-caption gdlr-core-item-pdlr\">\n                                            <div class=\"gdlr-core-column-service-media gdlr-core-media-icon \" style=\"margin-top: 5px;margin-right: 35px;\"><i class=\"icon_cloud-download_alt\" style=\"font-size: 36px ;line-height: 36px ;width: 36px ;color: #3490ce ;\"><\/i><\/div>\n                                            <div class=\"gdlr-core-column-service-content-wrapper\">\n                                                <div class=\"gdlr-core-column-service-title-wrap\">\n                                                    <h3 style=\"font-size: 20px ;\">CLOUD FOR YOUR PARTNERS<\/h3>\n                                                <\/div>\n                                            <\/div>\n                                        <\/div>\n                                    <\/div>\n                                <\/div>\n                            <\/div>\n                        <\/div>\n                        <div class=\"gdlr-core-pbf-column gdlr-core-column-30 gdlr-core-column-first\">\n                            <div class=\"gdlr-core-pbf-column-content-margin gdlr-core-js \" style=\"padding: 0px 30px 0px 0px;\">\n                                <div class=\"gdlr-core-pbf-column-content clearfix gdlr-core-js \" data-gdlr-animation=\"fadeInDown\" data-gdlr-animation-duration=\"600ms\" data-gdlr-animation-offset=\"0.8\">\n                                    <div class=\"gdlr-core-pbf-element\">\n                                        <div class=\"gdlr-core-column-service-item gdlr-core-item-pdb  gdlr-core-left-align gdlr-core-column-service-icon-left gdlr-core-no-caption gdlr-core-item-pdlr\">\n                                            <div class=\"gdlr-core-column-service-media gdlr-core-media-icon \" style=\"margin-top: 5px;margin-right: 35px;\"><i class=\"icon_cogs\" style=\"font-size: 36px ;line-height: 36px ;width: 36px ;color: #3490ce ;\"><\/i><\/div>\n                                            <div class=\"gdlr-core-column-service-content-wrapper\">\n                                                <div class=\"gdlr-core-column-service-title-wrap\">\n                                                    <h3 style=\"font-size: 20px ;\">TECHNICAL SUPPORT<\/h3>\n                                                <\/div>\n                                            <\/div>\n                                        <\/div>\n                                    <\/div>\n                                <\/div>\n                            <\/div>\n                        <\/div>\n                        <div class=\"gdlr-core-pbf-column gdlr-core-column-30\">\n                            <div class=\"gdlr-core-pbf-column-content-margin gdlr-core-js \" style=\"padding: 0px 30px 0px 0px;\">\n                                <div class=\"gdlr-core-pbf-column-content clearfix gdlr-core-js \" data-gdlr-animation=\"fadeInDown\" data-gdlr-animation-duration=\"600ms\" data-gdlr-animation-offset=\"0.8\">\n                                    <div class=\"gdlr-core-pbf-element\">\n                                        <div class=\"gdlr-core-column-service-item gdlr-core-item-pdb  gdlr-core-left-align gdlr-core-column-service-icon-left gdlr-core-no-caption gdlr-core-item-pdlr\">\n                                            <div class=\"gdlr-core-column-service-media gdlr-core-media-icon \" style=\"margin-top: 5px;margin-right: 35px;\"><i class=\"icon_clock_alt\" style=\"font-size: 36px ;line-height: 36px ;width: 36px ;color: #3490ce ;\"><\/i><\/div>\n                                            <div class=\"gdlr-core-column-service-content-wrapper\">\n                                                <div class=\"gdlr-core-column-service-title-wrap\">\n                                                    <h3 style=\"font-size: 20px ;\">48H INSTALLATION<\/h3>\n                                                <\/div>\n                                            <\/div>\n                                        <\/div>\n                                    <\/div>\n                                <\/div>\n                            <\/div>\n                        <\/div>\n                    <\/div>\n                <\/div>\n            <\/div>\n        <\/div>\n    <\/div>\n<\/div>\n\n<div class=\"container\">\n<div class=\"row mt-5 pt-3 text-center gdlr-core-js\" dlr-core-js\"=\"\" data-gdlr-animation-duration=\"600ms\" data-gdlr-animation-offset=\"0.8\" data-gdlr-animation=\"fadeInUp\">\n<div class=\"col-sm-10 offset-sm-1\">\n<h3 class=\"h4 mt-2 thin fifny\">Integrations:<\/h3>\n<p>Cloud configurators (Fifny Cloud) can be implemented on any store platform, service or website. We have integrations, among others with: Magento, Shoper, Shopify, Drupal and Woocommerce.<\/p>\n<img src=\"\/wp-content\/uploads\/2019\/06\/loga_integracji.jpg\" class=\"img-responsive pt-15 pb-15\">\n<\/div>\n<\/div>\n    <div class=\"row mt-5 pt-3 text-center gdlr-core-js\" data-gdlr-animation-duration=\"600ms\" data-gdlr-animation-offset=\"0.8\" data-gdlr-animation=\"fadeInUp\">\n        <div class=\"col-sm-10 offset-sm-1\">\n            <h3 class=\"h4 mt-2 thin fifny\">See how the implementation process of configurators and price list look like<\/h3>\n            <div class=\"row mt-3 text-center\">\n                <div class=\"col-md-3 offset-md-3\">\n                    <a class=\"fifny-button mt-2\" href=\"https:\/\/fifny.com\/en\/deployment-and-api\">Deployment and API<\/a>\n                <\/div>\n                <div class=\"col-md-3\">\n                    <a class=\"fifny-button mt-2\" href=\"https:\/\/fifny.com\/en\/pricing\">Pricing<\/a>\n                <\/div>\n            <\/div>\n        <\/div>\n    <\/div>\n    <div class=\"row mt-5 gdlr-core-js\" data-gdlr-animation-duration=\"600ms\" data-gdlr-animation-offset=\"0.8\" data-gdlr-animation=\"fadeInUp\">\n        <div class=\"col-sm-6\">\n            <img src=\"\/wp-content\/uploads\/2018\/07\/fifny-clouds-konfiguratory.png\" alt=\"Konfiguratory w chmurze\" class=\"img-responsive\">\n        <\/div>\n        <div class=\"col-sm-5 offset-sm-1 pt-5\">\n            <p class=\"thin mt-5\">Our configurations it\u2019s a chance to expand the offer of your company. Use them both in sales and marketing. <\/p>\n\n            <h3 class=\"h4 mt-5 thin fifny\">Fill out the form and take advantage of the special offer &#8211; 30 days trial period for only 1 PLN!<\/h3>\n        <\/div>\n    <\/div>\n    <div class=\"row mt-5 text-center gdlr-core-js\" data-gdlr-animation-duration=\"600ms\" data-gdlr-animation-offset=\"0.8\" data-gdlr-animation=\"fadeInUp\">\n        <div class=\"col-sm-10 offset-sm-1\">\n            <p class=\"thin mt-2\">Leave us your name, e-mail and telephone, we will call you back<\/p>\n            <div class=\"text-left\">\n                <div role=\"form\" class=\"wpcf7\" id=\"wpcf7-f2334-o1\" lang=\"pl-PL\" dir=\"ltr\">\n<div class=\"screen-reader-response\"><p role=\"status\" aria-live=\"polite\" aria-atomic=\"true\"><\/p> <ul><\/ul><\/div>\n<form action=\"\/en\/wp-json\/wp\/v2\/pages\/2545#wpcf7-f2334-o1\" method=\"post\" class=\"wpcf7-form init wpcf7-acceptance-as-validation\" novalidate=\"novalidate\" data-status=\"init\">\n<div style=\"display: none;\">\n<input type=\"hidden\" name=\"_wpcf7\" value=\"2334\" \/>\n<input type=\"hidden\" name=\"_wpcf7_version\" value=\"5.6.4\" \/>\n<input type=\"hidden\" name=\"_wpcf7_locale\" value=\"pl_PL\" \/>\n<input type=\"hidden\" name=\"_wpcf7_unit_tag\" value=\"wpcf7-f2334-o1\" \/>\n<input type=\"hidden\" name=\"_wpcf7_container_post\" value=\"0\" \/>\n<input type=\"hidden\" name=\"_wpcf7_posted_data_hash\" value=\"\" \/>\n<input type=\"hidden\" name=\"_wpcf7_recaptcha_response\" value=\"\" \/>\n<\/div>\n<div class=\"row\">\n    <div class=\"col-sm-12\">\n        <span class=\"wpcf7-form-control-wrap\" data-name=\"firstNameFastForm\"><input type=\"text\" name=\"firstNameFastForm\" value=\"\" size=\"40\" class=\"wpcf7-form-control wpcf7-text wpcf7-validates-as-required\" aria-required=\"true\" aria-invalid=\"false\" placeholder=\"Name\" \/><\/span> \n        <span class=\"wpcf7-form-control-wrap\" data-name=\"your-emailFastForm\"><input type=\"email\" name=\"your-emailFastForm\" value=\"\" size=\"40\" class=\"wpcf7-form-control wpcf7-text wpcf7-email wpcf7-validates-as-required wpcf7-validates-as-email\" aria-required=\"true\" aria-invalid=\"false\" placeholder=\"E-mail\" \/><\/span> \n        <span class=\"wpcf7-form-control-wrap\" data-name=\"telefonFastForm\"><input type=\"tel\" name=\"telefonFastForm\" value=\"\" size=\"40\" class=\"wpcf7-form-control wpcf7-text wpcf7-tel wpcf7-validates-as-required wpcf7-validates-as-tel\" aria-required=\"true\" aria-invalid=\"false\" placeholder=\"Phone number\" \/><\/span>\n    <\/div>\n<\/div>\n<div class=\"row\">\n    <div class=\"col-sm-12\">\n        <div class=\"row\">\n            <div class=\"col-sm-12 fix-checkbox-form\" style=\"padding-bottom: 20px\">\n                <label for=\"acceptDataProcessingFastForm\"><span class=\"wpcf7-form-control-wrap\" data-name=\"acceptDataProcessingFastForm\"><span class=\"wpcf7-form-control wpcf7-acceptance\"><span class=\"wpcf7-list-item\"><input type=\"checkbox\" name=\"acceptDataProcessingFastForm\" value=\"1\" aria-invalid=\"false\" class=\"fix-checkbox\" \/><\/span><\/span><\/span> I have read the <a href=\"\/regulamin-swiadczenia-uslugi-konfigurator-fifny\/\" class=\"fifny\" target=\"_blank\">Fifny Cloud services regulations.<\/a>. *\n            <\/label>\n            <\/div>\n            <div class=\"col-sm-12 fix-checkbox-form\" style=\"padding-bottom: 20px\">\n                <label for=\"acceptRegulationsFastForm\"><span class=\"wpcf7-form-control-wrap\" data-name=\"acceptRegulationsFastForm\"><span class=\"wpcf7-form-control wpcf7-acceptance\"><span class=\"wpcf7-list-item\"><input type=\"checkbox\" name=\"acceptRegulationsFastForm\" value=\"1\" aria-invalid=\"false\" class=\"fix-checkbox\" \/><\/span><\/span><\/span> I agree to the processing of my personal data after reading<a href=\"\/polityka-prywatnosci\/\" class=\"fifny\" target=\"_blank\">Privacy Policy<\/a>. *\n            <\/label>\n            <\/div>\n            <div class=\"col-sm-12 fix-checkbox-form fix-mailchimp-checkbox\" style=\"padding-bottom: 20px\">\n                <label for=\"acceptMailFastForm\"><!-- Mailchimp for WordPress v4.9.21 - https:\/\/www.mc4wp.com\/ --><input type=\"hidden\" name=\"_mc4wp_subscribe_contact-form-7\" value=\"0\" \/><span class=\"mc4wp-checkbox mc4wp-checkbox-contact-form-7 \" ><label><input type=\"checkbox\" name=\"_mc4wp_subscribe_contact-form-7\" value=\"1\"  \/><span>Chc\u0119 by\u0107 na bie\u017c\u0105co z nowo\u015bciami Fifny Cloud i otrzymywa\u0107 newsletter.<\/span><\/label><\/span><!-- \/ Mailchimp for WordPress --> \n                <\/label>\n<input name=\"_mc4wp_lists[]\" type=\"hidden\" value=\"0f01d38395\" \/>\n            <\/div>\n        <\/div>\n    <\/div>\n<\/div>\n<div class=\"row fifny-buttons\">\n    <div class=\"col-sm-12\">\n<label>\n        <input type=\"submit\" value=\"Send\" class=\"wpcf7-form-control has-spinner wpcf7-submit submit-onhover-info\" \/><\/label>\n\n    <\/div>\n<\/div><p style=\"display: none !important;\" class=\"akismet-fields-container\" data-prefix=\"_wpcf7_ak_\"><label>&#916;<textarea name=\"_wpcf7_ak_hp_textarea\" cols=\"45\" rows=\"8\" maxlength=\"100\"><\/textarea><\/label><input type=\"hidden\" id=\"ak_js_1\" name=\"_wpcf7_ak_js\" value=\"168\"\/><script type=\"text\/javascript\">\ndocument.getElementById( \"ak_js_1\" ).setAttribute( \"value\", ( new Date() ).getTime() );\n<\/script>\n<\/p><div class=\"wpcf7-response-output\" aria-hidden=\"true\"><\/div><\/form><\/div>\n            <\/div>\n        <\/div>\n    <\/div>\n<\/div>\n<div class=\"row text-left gdlr-core-js\" data-gdlr-animation-duration=\"600ms\" data-gdlr-animation-offset=\"0.8\" data-gdlr-animation=\"fadeInUp\">\n    <div class=\"col-sm-10 offset-sm-1\">\n        <h3 class=\"text-center h4 mt-5 thin fifny\">If you have additional questions, write, call!<\/h3>\n        <div class=\"row\">\n            <div class=\"col-sm-3 col-sm-auto\"><img loading=\"lazy\" class=\"alignnone size-thumbnail wp-image-1556 fifny-image-border \" style=\"margin-top: 40px;\" src=\"https:\/\/fifny.com\/wp-content\/uploads\/2018\/05\/krzysztof-bestnet-150x150.jpg\" alt=\"Skontaktuj si\u0119 z nami - Krzysztof Juszczak \" width=\"210 \" height=\"210 \" srcset=\"https:\/\/fifny.com\/wp-content\/uploads\/2018\/05\/krzysztof-bestnet-150x150.jpg 150w, https:\/\/fifny.com\/wp-content\/uploads\/2018\/05\/krzysztof-bestnet-300x300.jpg 300w, https:\/\/fifny.com\/wp-content\/uploads\/2018\/05\/krzysztof-bestnet.jpg 320w\" sizes=\"(max-width: 150px) 100vw, 150px\" \/><\/div>\n            <div class=\"col-sm-8\">\n                <div class=\"fifny-sections-line short-title \">\n                    <h3 class=\"thin \">Krzysztof Juszczak<\/h3>\n                    <em class=\"fifny\">Sales Manager<\/em>\n                    <div class=\"row \">\n                        <div class=\"col-sm-12\" style=\"padding-bottom: 10px;\"><i class=\"fa fa-phone \"><\/i>&nbsp; <a href=\"tel:+48 601 377 781\">+48 601 377 781<\/a><\/div>\n                        <div class=\"col-sm-12 \"><i class=\"fa fa-mail-forward \"><\/i>&nbsp; &nbsp;&nbsp;<a class=\"email \" href=\"mailto:&lt;a href=&quot;mailto:&#107;r&#122;y&#115;&#122;to&#102;&#064;&#102;&#105;f&#110;y&#046;&#099;&#111;&#109;&quot;&gt;&#107;r&#122;y&#115;&#122;to&#102;&#064;&#102;&#105;f&#110;y&#046;&#099;&#111;&#109;&lt;\/a&gt;\"><a href=\"mailto:krz&#121;&#115;zt&#111;&#102;&#064;&#102;ifny&#046;com\">krz&#121;&#115;zt&#111;&#102;&#064;&#102;ifny&#046;com<\/a><\/a><\/div>\n                    <\/div>\n                <\/div>\n            <\/div>\n        <\/div>\n    <\/div>\n<\/div>\n\n<script>\n    document.addEventListener('wpcf7submit', function(event) {\n        if (event.detail.contactFormId == '2334' && event.detail.status == 'mail_sent') {\n            console.log(\"Short contact form sent!\");\n            gtag('event', 'contactForm', {\n                'event_category': 'contactFormLanguageEN',\n                'event_label': 'shortContactFormPresentationFifny'\n            });\n        }\n    }, false);\n\n<\/script>\n","protected":false},"excerpt":{"rendered":"<p>Fifny are configurators in the cloud &#8211; check how to use them! Our configurators are innovative, intuitive and extremely effective. They make personalization available to everyone. They enable customizing the features of the ordered product to individual needs by selecting individual parameters such as: shape, color, size and many others. What makes us diffrent? READY [&hellip;]<\/p>\n","protected":false},"author":4,"featured_media":0,"parent":0,"menu_order":0,"comment_status":"closed","ping_status":"closed","template":"page-full.php","meta":[],"acf":[],"_links":{"self":[{"href":"https:\/\/fifny.com\/en\/wp-json\/wp\/v2\/pages\/2545"}],"collection":[{"href":"https:\/\/fifny.com\/en\/wp-json\/wp\/v2\/pages"}],"about":[{"href":"https:\/\/fifny.com\/en\/wp-json\/wp\/v2\/types\/page"}],"author":[{"embeddable":true,"href":"https:\/\/fifny.com\/en\/wp-json\/wp\/v2\/users\/4"}],"replies":[{"embeddable":true,"href":"https:\/\/fifny.com\/en\/wp-json\/wp\/v2\/comments?post=2545"}],"version-history":[{"count":0,"href":"https:\/\/fifny.com\/en\/wp-json\/wp\/v2\/pages\/2545\/revisions"}],"wp:attachment":[{"href":"https:\/\/fifny.com\/en\/wp-json\/wp\/v2\/media?parent=2545"}],"curies":[{"name":"wp","href":"https:\/\/api.w.org\/{rel}","templated":true}]}}