{"id":3230,"date":"2022-03-03T14:54:26","date_gmt":"2022-03-03T13:54:26","guid":{"rendered":"https:\/\/fifny.com\/?page_id=3230"},"modified":"2022-03-03T15:05:50","modified_gmt":"2022-03-03T14:05:50","slug":"contact","status":"publish","type":"page","link":"https:\/\/fifny.com\/en\/contact","title":{"rendered":"Contact"},"content":{"rendered":"\n<div class=\"container pt-3 pb-3 reset-infinity-header-space\"><\/div>\n\n\n\n<div class=\"wp-block-image\"><figure class=\"aligncenter size-full\"><img loading=\"lazy\" width=\"1920\" height=\"411\" src=\"https:\/\/fifny.com\/wp-content\/uploads\/2020\/11\/fifny_buildings.jpg\" alt=\"Fifny Cloud Configurators\" class=\"wp-image-2989\" srcset=\"https:\/\/fifny.com\/wp-content\/uploads\/2020\/11\/fifny_buildings.jpg 1920w, https:\/\/fifny.com\/wp-content\/uploads\/2020\/11\/fifny_buildings-300x64.jpg 300w, https:\/\/fifny.com\/wp-content\/uploads\/2020\/11\/fifny_buildings-1024x219.jpg 1024w, https:\/\/fifny.com\/wp-content\/uploads\/2020\/11\/fifny_buildings-768x164.jpg 768w, https:\/\/fifny.com\/wp-content\/uploads\/2020\/11\/fifny_buildings-1536x329.jpg 1536w\" sizes=\"(max-width: 1920px) 100vw, 1920px\" \/><\/figure><\/div>\n\n\n\n<div class=\"container\">\n\n\n\n<div style=\"height:25px\" aria-hidden=\"true\" class=\"wp-block-spacer\"><\/div>\n\n\n\n<p class=\"has-large-font-size\">Do you want to implement a product configurator in your e-commerce?<\/p>\n\n\n\n<p class=\"has-text-color\" style=\"color:#3490ce;font-size:28px\">Contact us.<br>Each project starts with a conversation.<\/p>\n\n\n\n<div style=\"height:25px\" aria-hidden=\"true\" class=\"wp-block-spacer\"><\/div>\n\n\n\n<div class=\"wp-block-contact-form-7-contact-form-selector\"><div role=\"form\" class=\"wpcf7\" id=\"wpcf7-f3234-o1\" lang=\"pl-PL\" dir=\"ltr\">\n<div class=\"screen-reader-response\"><p role=\"status\" aria-live=\"polite\" aria-atomic=\"true\"><\/p> <ul><\/ul><\/div>\n<form action=\"\/en\/wp-json\/wp\/v2\/pages\/3230#wpcf7-f3234-o1\" method=\"post\" class=\"wpcf7-form init wpcf7-acceptance-as-validation\" novalidate=\"novalidate\" data-status=\"init\">\n<div style=\"display: none;\">\n<input type=\"hidden\" name=\"_wpcf7\" value=\"3234\" \/>\n<input type=\"hidden\" name=\"_wpcf7_version\" value=\"5.6.4\" \/>\n<input type=\"hidden\" name=\"_wpcf7_locale\" value=\"pl_PL\" \/>\n<input type=\"hidden\" name=\"_wpcf7_unit_tag\" value=\"wpcf7-f3234-o1\" \/>\n<input type=\"hidden\" name=\"_wpcf7_container_post\" value=\"0\" \/>\n<input type=\"hidden\" name=\"_wpcf7_posted_data_hash\" value=\"\" \/>\n<input type=\"hidden\" name=\"_wpcf7_recaptcha_response\" value=\"\" \/>\n<\/div>\n<div class=\"row\">\n    <div class=\"col-sm-6\">\n      <span class=\"wpcf7-form-control-wrap\" data-name=\"firstAndLastName\"><input type=\"text\" name=\"firstAndLastName\" value=\"\" size=\"40\" class=\"wpcf7-form-control wpcf7-text wpcf7-validates-as-required\" aria-required=\"true\" aria-invalid=\"false\" placeholder=\"Name and surname\" \/><\/span>\n      <span class=\"wpcf7-form-control-wrap\" data-name=\"companyName\"><input type=\"text\" name=\"companyName\" value=\"\" size=\"40\" class=\"wpcf7-form-control wpcf7-text\" aria-invalid=\"false\" placeholder=\"Company name (optional)\" \/><\/span>\n    <\/div>\n    <div class=\"col-sm-6\">\n      <span class=\"wpcf7-form-control-wrap\" data-name=\"emailAddress\"><input type=\"email\" name=\"emailAddress\" value=\"\" size=\"40\" class=\"wpcf7-form-control wpcf7-text wpcf7-email wpcf7-validates-as-required wpcf7-validates-as-email\" aria-required=\"true\" aria-invalid=\"false\" placeholder=\"E-mail\" \/><\/span>\n      <span class=\"wpcf7-form-control-wrap\" data-name=\"webisteUrl\"><input type=\"url\" name=\"webisteUrl\" value=\"\" size=\"40\" class=\"wpcf7-form-control wpcf7-text wpcf7-url wpcf7-validates-as-url\" aria-invalid=\"false\" placeholder=\"Webiste URL (if exist)\" \/><\/span>\n    <\/div>\n<\/div>\n<div class=\"row\">\n  <div class=\"col-sm-12\">\n    <span class=\"wpcf7-form-control-wrap\" data-name=\"configuratorYouWant\"><input type=\"text\" name=\"configuratorYouWant\" value=\"\" size=\"40\" class=\"wpcf7-form-control wpcf7-text\" aria-invalid=\"false\" placeholder=\"What configurator would you like to implement?\" \/><\/span>\n    <span class=\"wpcf7-form-control-wrap\" data-name=\"howDoYouKnowAboutUs\"><input type=\"text\" name=\"howDoYouKnowAboutUs\" value=\"\" size=\"40\" class=\"wpcf7-form-control wpcf7-text\" aria-invalid=\"false\" placeholder=\"How did you get to us?\" \/><\/span>\n  <\/div>\n<\/div>\n<div class=\"row\">\n    <div class=\"col-sm-12\">\n        <div class=\"row\">\n            <div class=\"col-sm-12 fix-checkbox-form\">\n                <label for=\"acceptDataProcessingFastForm\"><span class=\"wpcf7-form-control-wrap\" data-name=\"acceptDataProcessingFastForm\"><span class=\"wpcf7-form-control wpcf7-acceptance\"><span class=\"wpcf7-list-item\"><input type=\"checkbox\" name=\"acceptDataProcessingFastForm\" value=\"1\" aria-invalid=\"false\" class=\"fix-checkbox\" \/><\/span><\/span><\/span> I have read <a href=\"\/regulamin-swiadczenia-uslugi-konfigurator-fifny\/\" class=\"fifny\" target=\"_blank\">the terms and conditions of Fifny Cloud services<\/a>.*\n            <\/label>\n            <\/div>\n            <div class=\"col-sm-12 fix-checkbox-form\">\n                <label for=\"acceptRegulationsFastForm\"><span class=\"wpcf7-form-control-wrap\" data-name=\"acceptRegulationsFastForm\"><span class=\"wpcf7-form-control wpcf7-acceptance\"><span class=\"wpcf7-list-item\"><input type=\"checkbox\" name=\"acceptRegulationsFastForm\" value=\"1\" aria-invalid=\"false\" class=\"fix-checkbox\" \/><\/span><\/span><\/span> I consent to the processing of my personal data after reading the <a href=\"\/en\/privacy-policy\" class=\"fifny\" target=\"_blank\">Privacy Policy<\/a>.*\n            <\/label>\n            <\/div>\n            <div class=\"col-sm-12 fix-checkbox-form fix-mailchimp-checkbox\">\n                <label for=\"acceptMailFastForm\"><!-- Mailchimp for WordPress v4.9.21 - https:\/\/www.mc4wp.com\/ --><input type=\"hidden\" name=\"_mc4wp_subscribe_contact-form-7\" value=\"0\" \/><span class=\"mc4wp-checkbox mc4wp-checkbox-contact-form-7 \" ><label><input type=\"checkbox\" name=\"_mc4wp_subscribe_contact-form-7\" value=\"1\"  \/><span>Chc\u0119 by\u0107 na bie\u017c\u0105co z nowo\u015bciami Fifny Cloud i otrzymywa\u0107 newsletter.<\/span><\/label><\/span><!-- \/ Mailchimp for WordPress -->\n                <\/label>\n<input name=\"_mc4wp_lists[]\" type=\"hidden\" value=\"0f01d38395\" \/>\n            <\/div>\n        <\/div>\n    <\/div>\n<\/div>\n<div class=\"row fifny-buttons\">\n    <div class=\"col-sm-12\">\n<label>\n        <input type=\"submit\" value=\"Send\" class=\"wpcf7-form-control has-spinner wpcf7-submit submit-onhover-info\" \/><\/label>\n    <\/div>\n<\/div><p style=\"display: none !important;\" class=\"akismet-fields-container\" data-prefix=\"_wpcf7_ak_\"><label>&#916;<textarea name=\"_wpcf7_ak_hp_textarea\" cols=\"45\" rows=\"8\" maxlength=\"100\"><\/textarea><\/label><input type=\"hidden\" id=\"ak_js_1\" name=\"_wpcf7_ak_js\" value=\"173\"\/><script>document.getElementById( \"ak_js_1\" ).setAttribute( \"value\", ( new Date() ).getTime() );<\/script><\/p><div class=\"wpcf7-response-output\" aria-hidden=\"true\"><\/div><\/form><\/div><\/div>\n\n\n\n<\/div>\n","protected":false},"excerpt":{"rendered":"<p>Do you want to implement a product configurator in your e-commerce? Contact us.Each project starts with a conversation.<\/p>\n","protected":false},"author":4,"featured_media":0,"parent":0,"menu_order":0,"comment_status":"closed","ping_status":"closed","template":"page-full.php","meta":[],"acf":[],"_links":{"self":[{"href":"https:\/\/fifny.com\/en\/wp-json\/wp\/v2\/pages\/3230"}],"collection":[{"href":"https:\/\/fifny.com\/en\/wp-json\/wp\/v2\/pages"}],"about":[{"href":"https:\/\/fifny.com\/en\/wp-json\/wp\/v2\/types\/page"}],"author":[{"embeddable":true,"href":"https:\/\/fifny.com\/en\/wp-json\/wp\/v2\/users\/4"}],"replies":[{"embeddable":true,"href":"https:\/\/fifny.com\/en\/wp-json\/wp\/v2\/comments?post=3230"}],"version-history":[{"count":2,"href":"https:\/\/fifny.com\/en\/wp-json\/wp\/v2\/pages\/3230\/revisions"}],"predecessor-version":[{"id":3235,"href":"https:\/\/fifny.com\/en\/wp-json\/wp\/v2\/pages\/3230\/revisions\/3235"}],"wp:attachment":[{"href":"https:\/\/fifny.com\/en\/wp-json\/wp\/v2\/media?parent=3230"}],"curies":[{"name":"wp","href":"https:\/\/api.w.org\/{rel}","templated":true}]}}